{"id":2587,"date":"2018-12-04T16:40:40","date_gmt":"2018-12-04T15:40:40","guid":{"rendered":"http:\/\/www.cdao.ch\/christian-dupraz-architecture\/"},"modified":"2023-11-06T18:55:49","modified_gmt":"2023-11-06T17:55:49","slug":"christian-dupraz-architecture","status":"publish","type":"page","link":"https:\/\/www.cdao.ch\/en\/","title":{"rendered":"Christian Dupraz Architecture Office"},"content":{"rendered":"","protected":false},"excerpt":{"rendered":"","protected":false},"author":1,"featured_media":0,"parent":0,"menu_order":0,"comment_status":"closed","ping_status":"closed","template":"page-home.php","meta":{"_acf_changed":false,"footnotes":""},"class_list":["post-2587","page","type-page","status-publish","hentry"],"acf":[],"yoast_head":"<!-- This site is optimized with the Yoast SEO plugin v27.1.1 - https:\/\/yoast.com\/product\/yoast-seo-wordpress\/ -->\n<title>Christian Dupraz Architecture Office - Christian\u00a0Dupraz Architecture\u00a0Office<\/title>\n<meta name=\"description\" content=\"Christian Dupraz Architecte - CHRISTIAN DUPRAZ ARCHITECTURE OFFICE GENEVE SUISSE - CDAO regroupe les comp\u00e9tences d\u2019architectes engag\u00e9s dans le d\u00e9veloppement et la r\u00e9alisation de programmes \u00e0 diff\u00e9rentes \u00e9chelles \u2013 grands projets, urbanisme, planification urbaine, construction de logements et d\u2019\u00e9quipements publics, restauration de b\u00e2timents du patrimoine moderne, conception et \u00e9dition de mobilier.\" \/>\n<meta name=\"robots\" content=\"index, follow, max-snippet:-1, max-image-preview:large, max-video-preview:-1\" \/>\n<link rel=\"canonical\" href=\"https:\/\/www.cdao.ch\/en\/\" \/>\n<meta property=\"og:locale\" content=\"en_US\" \/>\n<meta property=\"og:type\" content=\"article\" \/>\n<meta property=\"og:title\" content=\"Christian Dupraz Architecture Office - Christian\u00a0Dupraz Architecture\u00a0Office\" \/>\n<meta property=\"og:description\" content=\"Christian Dupraz Architecte - CHRISTIAN DUPRAZ ARCHITECTURE OFFICE GENEVE SUISSE - CDAO regroupe les comp\u00e9tences d\u2019architectes engag\u00e9s dans le d\u00e9veloppement et la r\u00e9alisation de programmes \u00e0 diff\u00e9rentes \u00e9chelles \u2013 grands projets, urbanisme, planification urbaine, construction de logements et d\u2019\u00e9quipements publics, restauration de b\u00e2timents du patrimoine moderne, conception et \u00e9dition de mobilier.\" \/>\n<meta property=\"og:url\" content=\"https:\/\/www.cdao.ch\/en\/\" \/>\n<meta property=\"og:site_name\" content=\"Christian\u00a0Dupraz Architecture\u00a0Office\" \/>\n<meta property=\"article:modified_time\" content=\"2023-11-06T17:55:49+00:00\" \/>\n<meta name=\"twitter:card\" content=\"summary_large_image\" \/>\n<script type=\"application\/ld+json\" class=\"yoast-schema-graph\">{\"@context\":\"https:\/\/schema.org\",\"@graph\":[{\"@type\":\"WebPage\",\"@id\":\"https:\/\/www.cdao.ch\/en\/\",\"url\":\"https:\/\/www.cdao.ch\/en\/\",\"name\":\"Christian Dupraz Architecture Office - Christian\u00a0Dupraz Architecture\u00a0Office\",\"isPartOf\":{\"@id\":\"https:\/\/www.cdao.ch\/#website\"},\"datePublished\":\"2018-12-04T15:40:40+00:00\",\"dateModified\":\"2023-11-06T17:55:49+00:00\",\"description\":\"Christian Dupraz Architecte - CHRISTIAN DUPRAZ ARCHITECTURE OFFICE GENEVE SUISSE - CDAO regroupe les comp\u00e9tences d\u2019architectes engag\u00e9s dans le d\u00e9veloppement et la r\u00e9alisation de programmes \u00e0 diff\u00e9rentes \u00e9chelles \u2013 grands projets, urbanisme, planification urbaine, construction de logements et d\u2019\u00e9quipements publics, restauration de b\u00e2timents du patrimoine moderne, conception et \u00e9dition de mobilier.\",\"breadcrumb\":{\"@id\":\"https:\/\/www.cdao.ch\/en\/#breadcrumb\"},\"inLanguage\":\"en-US\",\"potentialAction\":[{\"@type\":\"ReadAction\",\"target\":[\"https:\/\/www.cdao.ch\/en\/\"]}]},{\"@type\":\"BreadcrumbList\",\"@id\":\"https:\/\/www.cdao.ch\/en\/#breadcrumb\",\"itemListElement\":[{\"@type\":\"ListItem\",\"position\":1,\"name\":\"Accueil\",\"item\":\"https:\/\/www.cdao.ch\/en\/\"},{\"@type\":\"ListItem\",\"position\":2,\"name\":\"Christian Dupraz Architecture Office\"}]},{\"@type\":\"WebSite\",\"@id\":\"https:\/\/www.cdao.ch\/#website\",\"url\":\"https:\/\/www.cdao.ch\/\",\"name\":\"Christian\u00a0Dupraz Architecture\u00a0Office\",\"description\":\"Architectes S\u00e0rl, Gen\u00e8ve, Suisse\",\"potentialAction\":[{\"@type\":\"SearchAction\",\"target\":{\"@type\":\"EntryPoint\",\"urlTemplate\":\"https:\/\/www.cdao.ch\/?s={search_term_string}\"},\"query-input\":{\"@type\":\"PropertyValueSpecification\",\"valueRequired\":true,\"valueName\":\"search_term_string\"}}],\"inLanguage\":\"en-US\"}]}<\/script>\n<!-- \/ Yoast SEO plugin. -->","yoast_head_json":{"title":"Christian Dupraz Architecture Office - Christian\u00a0Dupraz Architecture\u00a0Office","description":"Christian Dupraz Architecte - CHRISTIAN DUPRAZ ARCHITECTURE OFFICE GENEVE SUISSE - CDAO regroupe les comp\u00e9tences d\u2019architectes engag\u00e9s dans le d\u00e9veloppement et la r\u00e9alisation de programmes \u00e0 diff\u00e9rentes \u00e9chelles \u2013 grands projets, urbanisme, planification urbaine, construction de logements et d\u2019\u00e9quipements publics, restauration de b\u00e2timents du patrimoine moderne, conception et \u00e9dition de mobilier.","robots":{"index":"index","follow":"follow","max-snippet":"max-snippet:-1","max-image-preview":"max-image-preview:large","max-video-preview":"max-video-preview:-1"},"canonical":"https:\/\/www.cdao.ch\/en\/","og_locale":"en_US","og_type":"article","og_title":"Christian Dupraz Architecture Office - Christian\u00a0Dupraz Architecture\u00a0Office","og_description":"Christian Dupraz Architecte - CHRISTIAN DUPRAZ ARCHITECTURE OFFICE GENEVE SUISSE - CDAO regroupe les comp\u00e9tences d\u2019architectes engag\u00e9s dans le d\u00e9veloppement et la r\u00e9alisation de programmes \u00e0 diff\u00e9rentes \u00e9chelles \u2013 grands projets, urbanisme, planification urbaine, construction de logements et d\u2019\u00e9quipements publics, restauration de b\u00e2timents du patrimoine moderne, conception et \u00e9dition de mobilier.","og_url":"https:\/\/www.cdao.ch\/en\/","og_site_name":"Christian\u00a0Dupraz Architecture\u00a0Office","article_modified_time":"2023-11-06T17:55:49+00:00","twitter_card":"summary_large_image","schema":{"@context":"https:\/\/schema.org","@graph":[{"@type":"WebPage","@id":"https:\/\/www.cdao.ch\/en\/","url":"https:\/\/www.cdao.ch\/en\/","name":"Christian Dupraz Architecture Office - Christian\u00a0Dupraz Architecture\u00a0Office","isPartOf":{"@id":"https:\/\/www.cdao.ch\/#website"},"datePublished":"2018-12-04T15:40:40+00:00","dateModified":"2023-11-06T17:55:49+00:00","description":"Christian Dupraz Architecte - CHRISTIAN DUPRAZ ARCHITECTURE OFFICE GENEVE SUISSE - CDAO regroupe les comp\u00e9tences d\u2019architectes engag\u00e9s dans le d\u00e9veloppement et la r\u00e9alisation de programmes \u00e0 diff\u00e9rentes \u00e9chelles \u2013 grands projets, urbanisme, planification urbaine, construction de logements et d\u2019\u00e9quipements publics, restauration de b\u00e2timents du patrimoine moderne, conception et \u00e9dition de mobilier.","breadcrumb":{"@id":"https:\/\/www.cdao.ch\/en\/#breadcrumb"},"inLanguage":"en-US","potentialAction":[{"@type":"ReadAction","target":["https:\/\/www.cdao.ch\/en\/"]}]},{"@type":"BreadcrumbList","@id":"https:\/\/www.cdao.ch\/en\/#breadcrumb","itemListElement":[{"@type":"ListItem","position":1,"name":"Accueil","item":"https:\/\/www.cdao.ch\/en\/"},{"@type":"ListItem","position":2,"name":"Christian Dupraz Architecture Office"}]},{"@type":"WebSite","@id":"https:\/\/www.cdao.ch\/#website","url":"https:\/\/www.cdao.ch\/","name":"Christian\u00a0Dupraz Architecture\u00a0Office","description":"Architectes S\u00e0rl, Gen\u00e8ve, Suisse","potentialAction":[{"@type":"SearchAction","target":{"@type":"EntryPoint","urlTemplate":"https:\/\/www.cdao.ch\/?s={search_term_string}"},"query-input":{"@type":"PropertyValueSpecification","valueRequired":true,"valueName":"search_term_string"}}],"inLanguage":"en-US"}]}},"_links":{"self":[{"href":"https:\/\/www.cdao.ch\/en\/wp-json\/wp\/v2\/pages\/2587","targetHints":{"allow":["GET"]}}],"collection":[{"href":"https:\/\/www.cdao.ch\/en\/wp-json\/wp\/v2\/pages"}],"about":[{"href":"https:\/\/www.cdao.ch\/en\/wp-json\/wp\/v2\/types\/page"}],"author":[{"embeddable":true,"href":"https:\/\/www.cdao.ch\/en\/wp-json\/wp\/v2\/users\/1"}],"replies":[{"embeddable":true,"href":"https:\/\/www.cdao.ch\/en\/wp-json\/wp\/v2\/comments?post=2587"}],"version-history":[{"count":34,"href":"https:\/\/www.cdao.ch\/en\/wp-json\/wp\/v2\/pages\/2587\/revisions"}],"predecessor-version":[{"id":3560,"href":"https:\/\/www.cdao.ch\/en\/wp-json\/wp\/v2\/pages\/2587\/revisions\/3560"}],"wp:attachment":[{"href":"https:\/\/www.cdao.ch\/en\/wp-json\/wp\/v2\/media?parent=2587"}],"curies":[{"name":"wp","href":"https:\/\/api.w.org\/{rel}","templated":true}]}}