{"id":3189,"date":"2021-08-12T19:10:07","date_gmt":"2021-08-12T17:10:07","guid":{"rendered":"https:\/\/www.cdao.ch\/?page_id=3189"},"modified":"2025-04-08T16:35:43","modified_gmt":"2025-04-08T14:35:43","slug":"archives","status":"publish","type":"page","link":"https:\/\/www.cdao.ch\/en\/archives\/","title":{"rendered":"Archives"},"content":{"rendered":"<p>CHRISTIAN DUPRAZ ARCHITECTURE OFFICE <span class=\"m-4863370708355203593gmail-s1\"><span lang=\"EN-US\">brings together the expertise of architects committed to the development and implementation of programs at different scales: big projects, urbanism, urban planning, construction of housing and public facilities, restauration of modern heritage buildings, conception and design of furniture. <\/span><\/span><\/p>\n<p><span class=\"m-4863370708355203593gmail-s1\"><i><span lang=\"EN-US\">Major projects<\/span><\/i><\/span><br \/>\nUIT &#8211; New building for ITU Headquarters Geneva (<span class=\"m-4863370708355203593gmail-apple-converted-space\"><span lang=\"EN-US\">2018-2024<\/span><\/span>)<br \/>\nGA &#8211; PANORAMA Public Terrace, <span class=\"m-4863370708355203593gmail-s1\"><span lang=\"EN-US\">International Airport of Geneva<\/span><\/span> (2021)<br \/>\nGA &#8211; Hall Check-In, <span class=\"m-4863370708355203593gmail-s1\"><span lang=\"EN-US\">International Airport of Geneva<\/span><\/span> (2018)<\/p>\n<p><em><span class=\"m-4863370708355203593gmail-s1\"><i><span lang=\"EN-US\">Housing and public facilities<\/span><\/i><\/span><br \/>\n<\/em>MDC &#8211; Maison des compagnies, Meyrin (2018)<br \/>\nEN CHALMERY &#8211; Moutain House, Les Posses-sur-Bex (2015)<br \/>\nEVE MONTHOUX &#8211; <span class=\"m-4863370708355203593gmail-apple-converted-space\"><span lang=\"EN-US\">Kindergarten<\/span><\/span>, Meyrin (2016)<br \/>\nLANCY &#8211; <span class=\"m-4863370708355203593gmail-apple-converted-space\"><span lang=\"EN-US\">Urban houses <\/span><\/span> (2012)<br \/>\nCAROLINE CONTEXT &#8211; <span class=\"m-4863370708355203593gmail-apple-converted-space\"><span lang=\"EN-US\">Buildings<\/span><\/span>, Les Acacias (2010)<br \/>\nCDA OFFICE &#8211; Christian Dupraz Architecture Office, Les Acacias (2010)<br \/>\nWHITE HOUSE PORT NOIR &#8211; <span class=\"m-4863370708355203593gmail-apple-converted-space\"><span lang=\"EN-US\">House for collectors, Geneva <\/span><\/span> (2010)<br \/>\nSERDALY-MORGAN &#8211; House, Conches (2004)<br \/>\nPESCHIER &#8211; <span class=\"m-4863370708355203593gmail-apple-converted-space\"><span lang=\"EN-US\">School complex, City of Geneva<\/span><\/span>, ass. P.-A Dupraz (2001)<\/p>\n<p><em><span class=\"m-4863370708355203593gmail-s1\"><span lang=\"EN-US\">Transformation &amp; Renovation<br \/>\n<\/span><\/span><\/em><span class=\"m-4863370708355203593gmail-s1\"><span lang=\"EN-US\">ECOLE LIOTARD &#8211; Expansion and transformation of a primary school, City of Geneva (In progress)<\/span><\/span><em><span class=\"m-4863370708355203593gmail-s1\"><span lang=\"EN-US\"><br \/>\n<\/span><\/span><\/em>WASHINGTON DC &#8211; Swiss Embassy, William Lescaze, FOBL Bern (<span class=\"m-4863370708355203593gmail-apple-converted-space\"><span lang=\"EN-US\">2023<\/span><\/span>)<br \/>\n<span class=\"m-4863370708355203593gmail-s1\"><span lang=\"EN-US\">ACACIAS II &#8211; <span class=\"m-4863370708355203593gmail-apple-converted-space\">Building with mixed used with housing and offices (2021)<br \/>\n<\/span><\/span><\/span>CITE JONCTION &#8211; <span class=\"m-4863370708355203593gmail-apple-converted-space\"><span lang=\"EN-US\">Analysis and renovation strategy of Cit\u00e9 Jonction, Geneva <\/span><\/span>(<span class=\"m-4863370708355203593gmail-apple-converted-space\"><span lang=\"EN-US\">2019<\/span><\/span>)<br \/>\nCJB &#8211; <span class=\"m-4863370708355203593gmail-apple-converted-space\"><span lang=\"EN-US\">Institute and library of the Conservatory and Botanical Gardens, Geneva\u00a0<\/span><\/span>(2016)<br \/>\nPLAINPALAIS &#8211; <span class=\"m-4863370708355203593gmail-apple-converted-space\"><span lang=\"EN-US\">Storey addition, transformation of a 19<sup>th\u00a0<\/sup>century building<\/span><\/span>, Plainpalais (2016)<br \/>\nFERME BORCARD &#8211; <span class=\"m-4863370708355203593gmail-apple-converted-space\"><span lang=\"EN-US\">Rehabilitation of the rural heritage<\/span><\/span>, Fribourg, ass. P.-A Dupraz (2002)<\/p>\n<p><em>Design<br \/>\n<\/em>36 FURNITURE SYSTEM &#8211; S<span class=\"m-4863370708355203593gmail-apple-converted-space\"><span lang=\"EN-US\">torage system<\/span><\/span>, <a href=\"http:\/\/www.36furnituresystem.ch\/\" target=\"_blank\" rel=\"noopener noreferrer\">www.36furnituresystem.ch<\/a> (2010)<br \/>\nBBL &#8211; Madrid &amp; Pretoria Swiss Embassy Residences, <span class=\"m-4863370708355203593gmail-apple-converted-space\"><span lang=\"EN-US\">transformation, furnishing concept<\/span><\/span>, Bern (2016)<\/p>\n<p><em>Publications<br \/>\n<\/em>CHRISTIAN DUPRAZ, 93 De aedibus,\u00a0 Quart Verlag (2021) \u00a9 <a href=\"https:\/\/www.quart.ch\/product\/christian-dupraz\/?lang=en\" target=\"_blank\" rel=\"noopener\">QUART<\/a><br \/>\nCJBG Institut et Biblioth\u00e8que des Conservatoire et Jardin botaniques (2021) \u00a9 <a href=\"http:\/\/a-editions.ch\/\" target=\"_blank\" rel=\"noopener noreferrer\">a-editions.ch<\/a><em><br \/>\n<\/em>IMAGES,\u00a0Christian Dupraz, Saskia Z\u00fcrcher, William Cyr Lamy (2017) \u00a9 <a href=\"http:\/\/a-editions.ch\/\" target=\"_blank\" rel=\"noopener noreferrer\">a-editions.ch<\/a><br \/>\nGUNITE OVER ? Christian Dupraz (2013) \u00a9 <a href=\"http:\/\/a-editions.ch\/\">a-editions.ch<\/a><br \/>\nANDRE GAILLARD<i>, <\/i>Les architectes du <span class=\"m-4863370708355203593gmail-apple-converted-space\"><span lang=\"EN-US\">XX<sup>\u00e8me<\/sup><\/span><\/span> si\u00e8cle \u00e0 Gen\u00e8ve (2006) \u00a9 <a href=\"https:\/\/www.bsa-fas.ch\/fr\/a\/64-andre-gaillard-architecte\/\" target=\"_blank\" rel=\"noopener noreferrer\">FAS, Cahier n\u00ba 2<\/a><\/p>\n<p><em>Expositions<br \/>\n<\/em>SALLE BLANCHE &#8211; B\u00e2timent d&#8217;art contemporain, Geneva (2012)<br \/>\nPIERRE VADI, &#8220;SCALP &amp; CHRISTIAN DUPRAZ&#8221; &#8211; <span class=\"m-4863370708355203593gmail-apple-converted-space\"><span lang=\"EN-US\">Museum of modern and contemporary art\u00a0<\/span><\/span>MAMCO, Geneva (2010)<br \/>\nDELTA &#8211; Swiss Institute, New York (2008)<br \/>\nSWISS AWARDS DESIGN &#8211; Museum f\u00fcr Gestaltung, Basel (1994)<\/p>\n","protected":false},"excerpt":{"rendered":"<p>CHRISTIAN DUPRAZ ARCHITECTURE OFFICE brings together the expertise of architects committed to the development and implementation of programs at different scales: big projects, urbanism, urban planning, construction of housing and public facilities, restauration of modern heritage buildings, conception and design [&hellip;]<\/p>\n","protected":false},"author":1,"featured_media":0,"parent":0,"menu_order":0,"comment_status":"closed","ping_status":"closed","template":"modele-page-historic-new.php","meta":{"_acf_changed":false,"footnotes":""},"class_list":["post-3189","page","type-page","status-publish","hentry"],"acf":[],"yoast_head":"<!-- This site is optimized with the Yoast SEO plugin v27.1.1 - https:\/\/yoast.com\/product\/yoast-seo-wordpress\/ -->\n<title>Archives - Christian\u00a0Dupraz Architecture\u00a0Office<\/title>\n<meta name=\"robots\" content=\"index, follow, max-snippet:-1, max-image-preview:large, max-video-preview:-1\" \/>\n<link rel=\"canonical\" href=\"https:\/\/www.cdao.ch\/en\/archives\/\" \/>\n<meta property=\"og:locale\" content=\"en_US\" \/>\n<meta property=\"og:type\" content=\"article\" \/>\n<meta property=\"og:title\" content=\"Archives - Christian\u00a0Dupraz Architecture\u00a0Office\" \/>\n<meta property=\"og:description\" content=\"CHRISTIAN DUPRAZ ARCHITECTURE OFFICE brings together the expertise of architects committed to the development and implementation of programs at different scales: big projects, urbanism, urban planning, construction of housing and public facilities, restauration of modern heritage buildings, conception and design [&hellip;]\" \/>\n<meta property=\"og:url\" content=\"https:\/\/www.cdao.ch\/en\/archives\/\" \/>\n<meta property=\"og:site_name\" content=\"Christian\u00a0Dupraz Architecture\u00a0Office\" \/>\n<meta property=\"article:modified_time\" content=\"2025-04-08T14:35:43+00:00\" \/>\n<meta name=\"twitter:card\" content=\"summary_large_image\" \/>\n<meta name=\"twitter:label1\" content=\"Est. reading time\" \/>\n\t<meta name=\"twitter:data1\" content=\"2 minutes\" \/>\n<script type=\"application\/ld+json\" class=\"yoast-schema-graph\">{\"@context\":\"https:\/\/schema.org\",\"@graph\":[{\"@type\":\"WebPage\",\"@id\":\"https:\/\/www.cdao.ch\/en\/archives\/\",\"url\":\"https:\/\/www.cdao.ch\/en\/archives\/\",\"name\":\"Archives - Christian\u00a0Dupraz Architecture\u00a0Office\",\"isPartOf\":{\"@id\":\"https:\/\/www.cdao.ch\/#website\"},\"datePublished\":\"2021-08-12T17:10:07+00:00\",\"dateModified\":\"2025-04-08T14:35:43+00:00\",\"breadcrumb\":{\"@id\":\"https:\/\/www.cdao.ch\/en\/archives\/#breadcrumb\"},\"inLanguage\":\"en-US\",\"potentialAction\":[{\"@type\":\"ReadAction\",\"target\":[\"https:\/\/www.cdao.ch\/en\/archives\/\"]}]},{\"@type\":\"BreadcrumbList\",\"@id\":\"https:\/\/www.cdao.ch\/en\/archives\/#breadcrumb\",\"itemListElement\":[{\"@type\":\"ListItem\",\"position\":1,\"name\":\"Accueil\",\"item\":\"https:\/\/www.cdao.ch\/en\/\"},{\"@type\":\"ListItem\",\"position\":2,\"name\":\"Archives\"}]},{\"@type\":\"WebSite\",\"@id\":\"https:\/\/www.cdao.ch\/#website\",\"url\":\"https:\/\/www.cdao.ch\/\",\"name\":\"Christian\u00a0Dupraz Architecture\u00a0Office\",\"description\":\"Architectes S\u00e0rl, Gen\u00e8ve, Suisse\",\"potentialAction\":[{\"@type\":\"SearchAction\",\"target\":{\"@type\":\"EntryPoint\",\"urlTemplate\":\"https:\/\/www.cdao.ch\/?s={search_term_string}\"},\"query-input\":{\"@type\":\"PropertyValueSpecification\",\"valueRequired\":true,\"valueName\":\"search_term_string\"}}],\"inLanguage\":\"en-US\"}]}<\/script>\n<!-- \/ Yoast SEO plugin. -->","yoast_head_json":{"title":"Archives - Christian\u00a0Dupraz Architecture\u00a0Office","robots":{"index":"index","follow":"follow","max-snippet":"max-snippet:-1","max-image-preview":"max-image-preview:large","max-video-preview":"max-video-preview:-1"},"canonical":"https:\/\/www.cdao.ch\/en\/archives\/","og_locale":"en_US","og_type":"article","og_title":"Archives - Christian\u00a0Dupraz Architecture\u00a0Office","og_description":"CHRISTIAN DUPRAZ ARCHITECTURE OFFICE brings together the expertise of architects committed to the development and implementation of programs at different scales: big projects, urbanism, urban planning, construction of housing and public facilities, restauration of modern heritage buildings, conception and design [&hellip;]","og_url":"https:\/\/www.cdao.ch\/en\/archives\/","og_site_name":"Christian\u00a0Dupraz Architecture\u00a0Office","article_modified_time":"2025-04-08T14:35:43+00:00","twitter_card":"summary_large_image","twitter_misc":{"Est. reading time":"2 minutes"},"schema":{"@context":"https:\/\/schema.org","@graph":[{"@type":"WebPage","@id":"https:\/\/www.cdao.ch\/en\/archives\/","url":"https:\/\/www.cdao.ch\/en\/archives\/","name":"Archives - Christian\u00a0Dupraz Architecture\u00a0Office","isPartOf":{"@id":"https:\/\/www.cdao.ch\/#website"},"datePublished":"2021-08-12T17:10:07+00:00","dateModified":"2025-04-08T14:35:43+00:00","breadcrumb":{"@id":"https:\/\/www.cdao.ch\/en\/archives\/#breadcrumb"},"inLanguage":"en-US","potentialAction":[{"@type":"ReadAction","target":["https:\/\/www.cdao.ch\/en\/archives\/"]}]},{"@type":"BreadcrumbList","@id":"https:\/\/www.cdao.ch\/en\/archives\/#breadcrumb","itemListElement":[{"@type":"ListItem","position":1,"name":"Accueil","item":"https:\/\/www.cdao.ch\/en\/"},{"@type":"ListItem","position":2,"name":"Archives"}]},{"@type":"WebSite","@id":"https:\/\/www.cdao.ch\/#website","url":"https:\/\/www.cdao.ch\/","name":"Christian\u00a0Dupraz Architecture\u00a0Office","description":"Architectes S\u00e0rl, Gen\u00e8ve, Suisse","potentialAction":[{"@type":"SearchAction","target":{"@type":"EntryPoint","urlTemplate":"https:\/\/www.cdao.ch\/?s={search_term_string}"},"query-input":{"@type":"PropertyValueSpecification","valueRequired":true,"valueName":"search_term_string"}}],"inLanguage":"en-US"}]}},"_links":{"self":[{"href":"https:\/\/www.cdao.ch\/en\/wp-json\/wp\/v2\/pages\/3189","targetHints":{"allow":["GET"]}}],"collection":[{"href":"https:\/\/www.cdao.ch\/en\/wp-json\/wp\/v2\/pages"}],"about":[{"href":"https:\/\/www.cdao.ch\/en\/wp-json\/wp\/v2\/types\/page"}],"author":[{"embeddable":true,"href":"https:\/\/www.cdao.ch\/en\/wp-json\/wp\/v2\/users\/1"}],"replies":[{"embeddable":true,"href":"https:\/\/www.cdao.ch\/en\/wp-json\/wp\/v2\/comments?post=3189"}],"version-history":[{"count":11,"href":"https:\/\/www.cdao.ch\/en\/wp-json\/wp\/v2\/pages\/3189\/revisions"}],"predecessor-version":[{"id":3942,"href":"https:\/\/www.cdao.ch\/en\/wp-json\/wp\/v2\/pages\/3189\/revisions\/3942"}],"wp:attachment":[{"href":"https:\/\/www.cdao.ch\/en\/wp-json\/wp\/v2\/media?parent=3189"}],"curies":[{"name":"wp","href":"https:\/\/api.w.org\/{rel}","templated":true}]}}